{"id":6,"date":"2015-08-06T17:59:12","date_gmt":"2015-08-06T17:59:12","guid":{"rendered":"http:\/\/leorubidus.com\/?page_id=6"},"modified":"2024-06-25T18:37:57","modified_gmt":"2024-06-25T18:37:57","slug":"main-page","status":"publish","type":"page","link":"http:\/\/trustart.hu\/","title":{"rendered":""},"content":{"rendered":"<h1 style=\"text-align: justify;\">&nbsp;<\/h1>\n<h1 style=\"text-align: justify;\"><strong>\u00dcdv \u00d6nnek kedves L\u00e1togat\u00f3!<\/strong><\/h1>\n<h2 style=\"text-align: justify;\"><strong>Szeretettel k\u00f6sz\u00f6nt\u00fcnk uradalmunkban \u00e9s fogadd k\u00f6sz\u00f6net\u00fcnket az\u00e9rt, hogy<\/strong> <strong>id\u0151det a Nyugati V\u00e9gek Zsoldosai t\u00e1bor\u00e1ban t\u00f6lt\u00f6d! Digit\u00e1lis terci\u00f3nkban megtal\u00e1lsz mindent mit r\u00f3lunk tudni \u00e9rdemes:<\/strong><\/h2>\n<ul>\n<li>\n<h2 style=\"text-align: justify;\"><strong>H\u00edreink k\u00f6z\u00f6tt megtekintheted fell\u00e9p\u00e9seink id\u0151pontjait, helysz\u00edneit.<\/strong><\/h2>\n<\/li>\n<li>\n<h2 style=\"text-align: justify;\"><strong>A kapcsolat men\u00fcpont alatt megtal\u00e1lod el\u00e9rhet\u0151s\u00e9geinket.<\/strong><\/h2>\n<\/li>\n<\/ul>\n<h2 style=\"text-align: justify;\"><strong>Kellemes id\u0151t\u00f6lt\u00e9st!<\/strong><\/h2>\n<p><span style=\"color: #b0192a;\"><em>L\u00e1togat\u00f3k sz\u00e1ma:&nbsp; \t\n\t\t\t<span class='wpgear_counter_hits'>\n\t\t\t\t242199\t\t\t<\/span>\n\t\t\t<\/em><\/span><\/p>\n","protected":false},"excerpt":{"rendered":"<p>&nbsp; \u00dcdv \u00d6nnek kedves L\u00e1togat\u00f3! Szeretettel k\u00f6sz\u00f6nt\u00fcnk uradalmunkban \u00e9s fogadd k\u00f6sz\u00f6net\u00fcnket az\u00e9rt, hogy id\u0151det a Nyugati V\u00e9gek Zsoldosai t\u00e1bor\u00e1ban t\u00f6lt\u00f6d! Digit\u00e1lis terci\u00f3nkban megtal\u00e1lsz mindent mit r\u00f3lunk tudni \u00e9rdemes: H\u00edreink k\u00f6z\u00f6tt megtekintheted fell\u00e9p\u00e9seink id\u0151pontjait, helysz\u00edneit. A kapcsolat men\u00fcpont alatt megtal\u00e1lod el\u00e9rhet\u0151s\u00e9geinket. Kellemes id\u0151t\u00f6lt\u00e9st! L\u00e1togat\u00f3k sz\u00e1ma:&nbsp;<\/p>\n","protected":false},"author":2,"featured_media":0,"parent":0,"menu_order":0,"comment_status":"closed","ping_status":"closed","template":"","meta":{"_editorskit_title_hidden":false,"_editorskit_reading_time":0,"_editorskit_is_block_options_detached":false,"_editorskit_block_options_position":"{}","ngg_post_thumbnail":0,"footnotes":""},"class_list":["post-6","page","type-page","status-publish","hentry"],"_links":{"self":[{"href":"http:\/\/trustart.hu\/index.php?rest_route=\/wp\/v2\/pages\/6","targetHints":{"allow":["GET"]}}],"collection":[{"href":"http:\/\/trustart.hu\/index.php?rest_route=\/wp\/v2\/pages"}],"about":[{"href":"http:\/\/trustart.hu\/index.php?rest_route=\/wp\/v2\/types\/page"}],"author":[{"embeddable":true,"href":"http:\/\/trustart.hu\/index.php?rest_route=\/wp\/v2\/users\/2"}],"replies":[{"embeddable":true,"href":"http:\/\/trustart.hu\/index.php?rest_route=%2Fwp%2Fv2%2Fcomments&post=6"}],"version-history":[{"count":18,"href":"http:\/\/trustart.hu\/index.php?rest_route=\/wp\/v2\/pages\/6\/revisions"}],"predecessor-version":[{"id":458,"href":"http:\/\/trustart.hu\/index.php?rest_route=\/wp\/v2\/pages\/6\/revisions\/458"}],"wp:attachment":[{"href":"http:\/\/trustart.hu\/index.php?rest_route=%2Fwp%2Fv2%2Fmedia&parent=6"}],"curies":[{"name":"wp","href":"https:\/\/api.w.org\/{rel}","templated":true}]}}