{"id":35,"date":"2015-08-06T19:37:44","date_gmt":"2015-08-06T19:37:44","guid":{"rendered":"http:\/\/leorubidus.com\/?page_id=35"},"modified":"2024-06-19T19:12:51","modified_gmt":"2024-06-19T19:12:51","slug":"rolunk","status":"publish","type":"page","link":"http:\/\/trustart.hu\/?page_id=35","title":{"rendered":"R\u00f3lunk"},"content":{"rendered":"<ul>\n<li style=\"text-align: justify;\">\n<h4><strong>2024-ben kipr\u00f3b\u00e1lt, \u00e9vtizedes tapasztalattal rendelkez\u0151 tagjaink l\u00e9trehoztak egy \u00faj katonai hagyom\u00e1ny\u0151rz\u0151 egyes\u00fcletet (Nyugati V\u00e9gek Zsoldosai), amely seg\u00edti munk\u00e1nkat, illetve megfelel\u0151 jogi keretek k\u00f6z\u00e9 szervezte t\u00e1rsas\u00e1gunkat.\u00a0<\/strong><\/h4>\n<\/li>\n<li style=\"text-align: justify;\">\n<h4><strong>A t\u00f6rt\u00e9nelmi rendezv\u00e9nyekt\u0151l a v\u00e1llalati \u00e9s \u00f6nkorm\u00e1nyzati programokig, sz\u00e9les a sk\u00e1l\u00e1ja\u00a0a megjelen\u00e9s\u00fcnknek. Az ilyen jelleg\u0171 rendezv\u00e9nyeink, &#8211; amelyeken korh\u0171, a cs\u00e1sz\u00e1ri nyugati csapatok viselet\u00e9ben, p\u00e1nc\u00e9ljaiban \u00e9s t\u00e1bori felszerel\u00e9seit bemutatva l\u00e9p\u00fcnk fel &#8211;\u00a0 felejthetetlen \u00e9lm\u00e9nnyel aj\u00e1nd\u00e9kozz\u00e1k meg a k\u00f6z\u00f6ns\u00e9get. A h\u00f3dolts\u00e1g kor\u00e1r\u00f3l sz\u00f3l\u00f3 el\u0151ad\u00e1sok, az izgalmas harci bemutat\u00f3k \u00e9s egy interakt\u00edv t\u00e1bori \u00e9l\u0151k\u00e9p testk\u00f6zelbe hozza a r\u00e9g let\u0171nt v\u00e9gv\u00e1ri id\u0151ket. Megn\u00e9zheted hogyan m\u0171k\u00f6dik egy korabeli musk\u00e9ta, vagy egy \u00e1gy\u00fa.<\/strong><\/h4>\n<\/li>\n<li style=\"text-align: justify;\">\n<h4><strong>A gyermekek hadij\u00e1t\u00e9kokkal mulathatnak: k\u00e9pess\u00e9gfejleszt\u0151 gyakorlatok, martal\u00f3cokkal v\u00edvott csata. (Apr\u00f3dok vs. Martal\u00f3cok csat\u00e1ja.) Ezek teljes\u00edt\u00e9s\u00e9t k\u00f6veti az apr\u00f3dd\u00e1 avat\u00e1s szertart\u00e1sa. \u00a0 <\/strong><\/h4>\n<\/li>\n<li style=\"text-align: justify;\">\n<h4><strong>Szem el\u0151tt tartjuk a hiteless\u00e9get \u00e9s igyeksz\u00fcnk a val\u00f3s k\u00e9p\u00e9t visszaadni a kornak.<\/strong><\/h4>\n<\/li>\n<li style=\"text-align: justify;\">\n<h4><strong>Tagjaink felel\u0151ss\u00e9get \u00e9reznek a k\u00f6z\u00f6ns\u00e9g fel\u00e9 a sz\u00f3rakoztatva tan\u00edt\u00e1s (bemutat\u00e1s) elv\u00e9t figyelembe v\u00e9ve, ez\u00e9rt t\u00f6bbf\u00e9le m\u0171sorral is a rendelkez\u00e9sre \u00e1llunk. Szerencs\u00e9re (nomen est omen) renesz\u00e1nsz\u00e1t kezdi \u00e9lni haz\u00e1nkban a v\u00e9gv\u00e1ri fesztiv\u00e1lok ir\u00e1nti ig\u00e9ny, emiatt igyeksz\u00fcnk minden kedves felk\u00e9r\u00e9snek eleget tenni.<\/strong><\/h4>\n<\/li>\n<li style=\"text-align: justify;\">\n<h4><strong>Amit tesz\u00fcnk, azt sz\u00edvb\u0151l tessz\u00fck. Bev\u00e9teleinket a bemutat\u00f3k l\u00e1tv\u00e1nyoss\u00e1g\u00e1nak fokoz\u00e1s\u00e1ra, valamint a rend eszk\u00f6z-sz\u00fcks\u00e9gleteinek a biztos\u00edt\u00e1s\u00e1ra ford\u00edtjuk. <\/strong><strong>Nem a teljess\u00e9g ig\u00e9ny\u00e9vel, de felsorol\u00e1sszer\u0171en le\u00edrjuk, hogy mit is tudunk v\u00e1llalni:<\/strong><\/h4>\n<\/li>\n<\/ul>\n<ul>\n<li style=\"text-align: justify;\">\n<h4><em><strong>XVI-XVII. sz\u00e1zadi t\u00e1borvezet\u00e9s, \u00e9l\u0151k\u00e9ppel, eg\u00e9sz napos interakt\u00edv programk\u00e9nt<\/strong><\/em><\/h4>\n<\/li>\n<li style=\"text-align: justify;\">\n<h4><em><strong>Csapater\u0151vel a korabeli csat\u00e1k \u00fajraj\u00e1tsz\u00e1s\u00e1ban val\u00f3 r\u00e9szv\u00e9tel<\/strong><\/em><\/h4>\n<\/li>\n<li style=\"text-align: justify;\">\n<h4><em><strong>V\u00e9gv\u00e1ri it\u00e1liai hadm\u00e9rn\u00f6k\u00f6k, azaz &#8222;V\u00e1rfund\u00e1l\u00f3k&#8221; munk\u00e1j\u00e1nak bemutat\u00e1sa korabeli eszk\u00f6z\u00f6kkel.<\/strong><\/em><\/h4>\n<\/li>\n<li style=\"text-align: justify;\">\n<h4><em><strong>Apr\u00f3dok vs. Martal\u00f3cok csat\u00e1ja, majd azt k\u00f6vet\u0151en apr\u00f3davat\u00e1s<\/strong><\/em><\/h4>\n<\/li>\n<li style=\"text-align: justify;\">\n<h4><em><strong>Korabeli mesters\u00e9gek bemutat\u00f3ja<\/strong><\/em><\/h4>\n<\/li>\n<li style=\"text-align: justify;\">\n<h4><em><strong>Fegyverbemutat\u00f3 <\/strong><\/em><\/h4>\n<\/li>\n<li style=\"text-align: justify;\">\n<h4><em><strong>T\u00f6rt\u00e9nelmi t\u00e1rgy\u00fa el\u0151ad\u00e1sok &#8222;T\u00f6rt\u00e9nelmi t\u00e9vhitek c\u00edmmel&#8221;<\/strong><\/em><\/h4>\n<\/li>\n<li>\n<h4 style=\"text-align: justify;\"><em><strong>A korabeli \u00e9let gasztronomi\u00e1j\u00e1nak bemutat\u00e1sa<\/strong><\/em><\/h4>\n<\/li>\n<\/ul>\n","protected":false},"excerpt":{"rendered":"<p>2024-ben kipr\u00f3b\u00e1lt, \u00e9vtizedes tapasztalattal rendelkez\u0151 tagjaink l\u00e9trehoztak egy \u00faj katonai hagyom\u00e1ny\u0151rz\u0151 egyes\u00fcletet (Nyugati V\u00e9gek Zsoldosai), amely seg\u00edti munk\u00e1nkat, illetve megfelel\u0151 jogi keretek k\u00f6z\u00e9 szervezte t\u00e1rsas\u00e1gunkat.\u00a0 A t\u00f6rt\u00e9nelmi rendezv\u00e9nyekt\u0151l a v\u00e1llalati \u00e9s \u00f6nkorm\u00e1nyzati programokig, sz\u00e9les a sk\u00e1l\u00e1ja\u00a0a megjelen\u00e9s\u00fcnknek. Az ilyen jelleg\u0171 rendezv\u00e9nyeink, &#8211; amelyeken korh\u0171, a cs\u00e1sz\u00e1ri nyugati csapatok viselet\u00e9ben, p\u00e1nc\u00e9ljaiban \u00e9s t\u00e1bori felszerel\u00e9seit bemutatva l\u00e9p\u00fcnk&#8230;<\/p>\n","protected":false},"author":2,"featured_media":0,"parent":0,"menu_order":0,"comment_status":"closed","ping_status":"closed","template":"page-templates\/full-width.php","meta":{"_editorskit_title_hidden":false,"_editorskit_reading_time":0,"_editorskit_is_block_options_detached":false,"_editorskit_block_options_position":"{}","ngg_post_thumbnail":0,"footnotes":""},"class_list":["post-35","page","type-page","status-publish","hentry"],"_links":{"self":[{"href":"http:\/\/trustart.hu\/index.php?rest_route=\/wp\/v2\/pages\/35","targetHints":{"allow":["GET"]}}],"collection":[{"href":"http:\/\/trustart.hu\/index.php?rest_route=\/wp\/v2\/pages"}],"about":[{"href":"http:\/\/trustart.hu\/index.php?rest_route=\/wp\/v2\/types\/page"}],"author":[{"embeddable":true,"href":"http:\/\/trustart.hu\/index.php?rest_route=\/wp\/v2\/users\/2"}],"replies":[{"embeddable":true,"href":"http:\/\/trustart.hu\/index.php?rest_route=%2Fwp%2Fv2%2Fcomments&post=35"}],"version-history":[{"count":11,"href":"http:\/\/trustart.hu\/index.php?rest_route=\/wp\/v2\/pages\/35\/revisions"}],"predecessor-version":[{"id":365,"href":"http:\/\/trustart.hu\/index.php?rest_route=\/wp\/v2\/pages\/35\/revisions\/365"}],"wp:attachment":[{"href":"http:\/\/trustart.hu\/index.php?rest_route=%2Fwp%2Fv2%2Fmedia&parent=35"}],"curies":[{"name":"wp","href":"https:\/\/api.w.org\/{rel}","templated":true}]}}