{"id":31,"date":"2015-08-06T19:36:47","date_gmt":"2015-08-06T19:36:47","guid":{"rendered":"http:\/\/leorubidus.com\/?page_id=31"},"modified":"2025-11-14T15:15:26","modified_gmt":"2025-11-14T15:15:26","slug":"kapcsolat","status":"publish","type":"page","link":"http:\/\/trustart.hu\/?page_id=31","title":{"rendered":"Kapcsolat:"},"content":{"rendered":"\r\n<figure class=\"wp-block-gallery-1 is-layout-flex wp-block-gallery-is-layout-flex\"><\/figure>\r\n<figure><\/figure>\r\n<figure><\/figure>\r\n<figure><\/figure>\r\n<figure><\/figure>\r\n<figure><\/figure>\r\n<figure><\/figure>\r\n<figure><\/figure>\r\n<figure><\/figure>\r\n<figure><\/figure>\r\n<figure><\/figure>\r\n<figure><\/figure>\r\n<figure><\/figure>\r\n\r\n\r\n\r\n\r\n\r\n<figure id=\"attachment_410\" aria-describedby=\"caption-attachment-410\" style=\"width: 640px\" class=\"wp-caption aligncenter\"><a href=\"http:\/\/trustart.hu\/wp-content\/uploads\/2024\/06\/LEO_3764-e1718961325829.jpg\"><img loading=\"lazy\" decoding=\"async\" class=\"wp-image-410 size-large\" src=\"http:\/\/trustart.hu\/wp-content\/uploads\/2024\/06\/LEO_3764-e1718961325829-1024x820.jpg\" alt=\"\" width=\"640\" height=\"513\" srcset=\"http:\/\/trustart.hu\/wp-content\/uploads\/2024\/06\/LEO_3764-e1718961325829-1024x820.jpg 1024w, http:\/\/trustart.hu\/wp-content\/uploads\/2024\/06\/LEO_3764-e1718961325829-300x240.jpg 300w, http:\/\/trustart.hu\/wp-content\/uploads\/2024\/06\/LEO_3764-e1718961325829-768x615.jpg 768w, http:\/\/trustart.hu\/wp-content\/uploads\/2024\/06\/LEO_3764-e1718961325829.jpg 1085w\" sizes=\"auto, (max-width: 640px) 100vw, 640px\" \/><\/a><figcaption id=\"caption-attachment-410\" class=\"wp-caption-text\">Sz\u0171cs J\u00f3zsef eln\u00f6k Tel: +36\/20-914-6901 Email: szucsjozsef@zsoldosok.hu<\/figcaption><\/figure>\r\n<figure id=\"attachment_337\" aria-describedby=\"caption-attachment-337\" style=\"width: 640px\" class=\"wp-caption aligncenter\"><a href=\"http:\/\/trustart.hu\/wp-content\/uploads\/2024\/06\/440133763_7768065956566170_7571543336534274979_n.jpg\"><img loading=\"lazy\" decoding=\"async\" class=\"wp-image-337 size-large\" src=\"http:\/\/trustart.hu\/wp-content\/uploads\/2024\/06\/440133763_7768065956566170_7571543336534274979_n-1024x682.jpg\" alt=\"\" width=\"640\" height=\"426\" srcset=\"http:\/\/trustart.hu\/wp-content\/uploads\/2024\/06\/440133763_7768065956566170_7571543336534274979_n-1024x682.jpg 1024w, http:\/\/trustart.hu\/wp-content\/uploads\/2024\/06\/440133763_7768065956566170_7571543336534274979_n-600x399.jpg 600w, http:\/\/trustart.hu\/wp-content\/uploads\/2024\/06\/440133763_7768065956566170_7571543336534274979_n-300x200.jpg 300w, http:\/\/trustart.hu\/wp-content\/uploads\/2024\/06\/440133763_7768065956566170_7571543336534274979_n-768x511.jpg 768w, http:\/\/trustart.hu\/wp-content\/uploads\/2024\/06\/440133763_7768065956566170_7571543336534274979_n-1536x1022.jpg 1536w, http:\/\/trustart.hu\/wp-content\/uploads\/2024\/06\/440133763_7768065956566170_7571543336534274979_n.jpg 1600w\" sizes=\"auto, (max-width: 640px) 100vw, 640px\" \/><\/a><figcaption id=\"caption-attachment-337\" class=\"wp-caption-text\">Valkony K\u00e1roly aleln\u00f6k Tel: +36\/20-597-3167 E-mail: valkonykaroly@zsoldosok.hu<\/figcaption><\/figure>\r\n<p>&nbsp;<\/p>\r\n<p class=\"has-medium-font-size\" style=\"padding-left: 40px; text-align: left;\"><br><br><span style=\"color: #ff0000;\"><br><\/span><\/p>\r\n<p>&nbsp;<\/p>\r\n","protected":false},"excerpt":{"rendered":"<p>&nbsp; &nbsp;<\/p>\n","protected":false},"author":2,"featured_media":0,"parent":0,"menu_order":0,"comment_status":"closed","ping_status":"closed","template":"","meta":{"_editorskit_title_hidden":false,"_editorskit_reading_time":0,"_editorskit_is_block_options_detached":false,"_editorskit_block_options_position":"{}","ngg_post_thumbnail":0,"footnotes":""},"class_list":["post-31","page","type-page","status-publish","hentry"],"_links":{"self":[{"href":"http:\/\/trustart.hu\/index.php?rest_route=\/wp\/v2\/pages\/31","targetHints":{"allow":["GET"]}}],"collection":[{"href":"http:\/\/trustart.hu\/index.php?rest_route=\/wp\/v2\/pages"}],"about":[{"href":"http:\/\/trustart.hu\/index.php?rest_route=\/wp\/v2\/types\/page"}],"author":[{"embeddable":true,"href":"http:\/\/trustart.hu\/index.php?rest_route=\/wp\/v2\/users\/2"}],"replies":[{"embeddable":true,"href":"http:\/\/trustart.hu\/index.php?rest_route=%2Fwp%2Fv2%2Fcomments&post=31"}],"version-history":[{"count":76,"href":"http:\/\/trustart.hu\/index.php?rest_route=\/wp\/v2\/pages\/31\/revisions"}],"predecessor-version":[{"id":484,"href":"http:\/\/trustart.hu\/index.php?rest_route=\/wp\/v2\/pages\/31\/revisions\/484"}],"wp:attachment":[{"href":"http:\/\/trustart.hu\/index.php?rest_route=%2Fwp%2Fv2%2Fmedia&parent=31"}],"curies":[{"name":"wp","href":"https:\/\/api.w.org\/{rel}","templated":true}]}}